{"id":10760,"date":"2023-01-09T22:16:42","date_gmt":"2023-01-09T22:16:42","guid":{"rendered":"https:\/\/tmdtour.com\/?page_id=10760"},"modified":"2024-01-11T17:14:15","modified_gmt":"2024-01-11T17:14:15","slug":"privacy-policy","status":"publish","type":"page","link":"https:\/\/tmdtour.com\/fr\/privacy-policy\/","title":{"rendered":"Politique de confidentialit\u00e9"},"content":{"rendered":"<div data-elementor-type=\"wp-page\" data-elementor-id=\"10760\" class=\"elementor elementor-10760\" data-elementor-post-type=\"page\">\n\t\t\t\t\t\t<section class=\"elementor-section elementor-top-section elementor-element elementor-element-54fd89e9 elementor-section-boxed elementor-section-height-default elementor-section-height-default wpr-particle-no wpr-jarallax-no wpr-parallax-no wpr-sticky-section-no\" data-id=\"54fd89e9\" data-element_type=\"section\" data-e-type=\"section\">\n\t\t\t\t\t\t<div class=\"elementor-container elementor-column-gap-default\">\n\t\t\t\t\t<div class=\"elementor-column elementor-col-100 elementor-top-column elementor-element elementor-element-31a8b999\" data-id=\"31a8b999\" data-element_type=\"column\" data-e-type=\"column\">\n\t\t\t<div class=\"elementor-widget-wrap elementor-element-populated\">\n\t\t\t\t\t\t<div class=\"elementor-element elementor-element-458f1303 elementor-widget elementor-widget-heading\" data-id=\"458f1303\" data-element_type=\"widget\" data-e-type=\"widget\" data-widget_type=\"heading.default\">\n\t\t\t\t<div class=\"elementor-widget-container\">\n\t\t\t\t\t<h1 class=\"elementor-heading-title elementor-size-default\">Politique de confidentialit\u00e9<\/h1>\t\t\t\t<\/div>\n\t\t\t\t<\/div>\n\t\t\t\t<div class=\"elementor-element elementor-element-129c665 elementor-widget elementor-widget-text-editor\" data-id=\"129c665\" data-element_type=\"widget\" data-e-type=\"widget\" data-widget_type=\"text-editor.default\">\n\t\t\t\t<div class=\"elementor-widget-container\">\n\t\t\t\t\t\t\t\t\t<p>\u00c0 <strong>TMD Tour<\/strong>, nous nous engageons \u00e0 prot\u00e9ger la vie priv\u00e9e de nos clients. Nous collectons, utilisons et divulguons des informations personnelles conform\u00e9ment aux lois applicables en mati\u00e8re de confidentialit\u00e9. Cette politique de confidentialit\u00e9 explique nos pratiques en mati\u00e8re de collecte, d'utilisation et de divulgation d'informations personnelles.<\/p>\n<ol>\n<li>Collecte d'informations personnelles\u00a0: Nous collectons des informations personnelles aupr\u00e8s de nos clients lorsqu'ils r\u00e9servent un voyage avec nous ou s'inscrivent \u00e0 notre liste de diffusion. Les informations personnelles que nous collectons peuvent inclure des noms, adresses, num\u00e9ros de t\u00e9l\u00e9phone, adresses e-mail et informations de paiement.<\/li>\n<li>Utilisation des informations personnelles\u00a0: Nous utilisons les informations personnelles dans le but de r\u00e9server et de confirmer les pr\u00e9paratifs de voyage, de communiquer avec les clients au sujet de leurs voyages et d'envoyer du mat\u00e9riel promotionnel sur nos services.<\/li>\n<li>Divulgation d'informations personnelles\u00a0: nous pouvons divulguer des informations personnelles \u00e0 des tiers dans le but de r\u00e9server et de confirmer les pr\u00e9paratifs de voyage. Nous ne vendons ni ne louons d\u2019informations personnelles \u00e0 des tiers \u00e0 d\u2019autres fins.<\/li>\n<li>Acc\u00e8s aux informations personnelles : Les clients peuvent demander l\u2019acc\u00e8s \u00e0 leurs informations personnelles en nous contactant. Nous ferons des efforts raisonnables pour fournir aux clients l\u2019acc\u00e8s \u00e0 leurs informations personnelles, sous r\u00e9serve de certaines exceptions.<\/li>\n<li>Modifications de cette politique de confidentialit\u00e9 : Nous nous r\u00e9servons le droit de modifier cette politique de confidentialit\u00e9 \u00e0 tout moment. Toute modification de cette politique sera publi\u00e9e sur notre site Web.<\/li>\n<\/ol>\n<p>Si vous avez des questions ou des pr\u00e9occupations concernant notre politique de confidentialit\u00e9, veuillez nous contacter.<\/p>\n<p><b>Nos partenaires:<\/b><\/p>\n<p><a href=\"https:\/\/viesearch.com\/\" target=\"_blank\" rel=\"noopener\">Viesearch &#8211; The Human-curated Search Engin<\/a><\/p>\t\t\t\t\t\t\t\t<\/div>\n\t\t\t\t<\/div>\n\t\t\t\t\t<\/div>\n\t\t<\/div>\n\t\t\t\t\t<\/div>\n\t\t<\/section>\n\t\t\t\t<\/div>","protected":false},"excerpt":{"rendered":"<p>Privacy policy At TMD Tour, we are committed to protecting the privacy of our clients. We collect, use, and disclose personal information in accordance with applicable privacy laws. This privacy policy explains our practices in relation to the collection, use, and disclosure of personal information. Collection of personal information: We collect personal information from our clients when they book a trip with us or sign up for our email list. The personal information we collect may include names, addresses, phone numbers, email addresses, and payment information. Use of personal information: We use personal information for the purpose of booking and confirming travel arrangements, communicating with clients about their trips, and sending promotional materials about our services. Disclosure of personal information: We may disclose personal information to third parties for the purpose of booking and confirming travel arrangements. We do not sell or rent personal information to third parties for any other purpose. Access to personal information: Clients may request access to their personal information by contacting us. We will make reasonable efforts to provide clients with access to their personal information, subject to certain exceptions. Changes to this privacy policy: We reserve the right to modify this privacy policy at any time. Any changes to this policy will be posted on our website. If you have any questions or concerns about our privacy policy, please contact us. Our partners: Viesearch &#8211; The Human-curated Search Engin<\/p>","protected":false},"author":11,"featured_media":0,"parent":0,"menu_order":0,"comment_status":"closed","ping_status":"closed","template":"template-blank.php","meta":{"_joinchat":[],"footnotes":""},"class_list":["post-10760","page","type-page","status-publish","has-post-thumbnail","hentry"],"_links":{"self":[{"href":"https:\/\/tmdtour.com\/fr\/wp-json\/wp\/v2\/pages\/10760","targetHints":{"allow":["GET"]}}],"collection":[{"href":"https:\/\/tmdtour.com\/fr\/wp-json\/wp\/v2\/pages"}],"about":[{"href":"https:\/\/tmdtour.com\/fr\/wp-json\/wp\/v2\/types\/page"}],"author":[{"embeddable":true,"href":"https:\/\/tmdtour.com\/fr\/wp-json\/wp\/v2\/users\/11"}],"replies":[{"embeddable":true,"href":"https:\/\/tmdtour.com\/fr\/wp-json\/wp\/v2\/comments?post=10760"}],"version-history":[{"count":5,"href":"https:\/\/tmdtour.com\/fr\/wp-json\/wp\/v2\/pages\/10760\/revisions"}],"predecessor-version":[{"id":12119,"href":"https:\/\/tmdtour.com\/fr\/wp-json\/wp\/v2\/pages\/10760\/revisions\/12119"}],"wp:attachment":[{"href":"https:\/\/tmdtour.com\/fr\/wp-json\/wp\/v2\/media?parent=10760"}],"curies":[{"name":"wp","href":"https:\/\/api.w.org\/{rel}","templated":true}]}}