{"id":297,"date":"2022-06-07T01:29:39","date_gmt":"2022-06-07T01:29:39","guid":{"rendered":"https:\/\/modtour.travelerwp.com\/?page_id=297"},"modified":"2024-01-11T17:02:06","modified_gmt":"2024-01-11T17:02:06","slug":"about","status":"publish","type":"page","link":"https:\/\/tmdtour.com\/fr\/about\/","title":{"rendered":"About"},"content":{"rendered":"<div data-elementor-type=\"wp-page\" data-elementor-id=\"297\" class=\"elementor elementor-297\" data-elementor-post-type=\"page\">\n\t\t\t\t\t\t<section class=\"elementor-section elementor-top-section elementor-element elementor-element-d068c9f elementor-section-boxed elementor-section-height-default elementor-section-height-default wpr-particle-no wpr-jarallax-no wpr-parallax-no wpr-sticky-section-no wpr-equal-height-no\" data-id=\"d068c9f\" data-element_type=\"section\" data-e-type=\"section\">\n\t\t\t\t\t\t<div class=\"elementor-container elementor-column-gap-default\">\n\t\t\t\t\t<div class=\"elementor-column elementor-col-100 elementor-top-column elementor-element elementor-element-5ddf38e8\" data-id=\"5ddf38e8\" data-element_type=\"column\" data-e-type=\"column\">\n\t\t\t<div class=\"elementor-widget-wrap elementor-element-populated\">\n\t\t\t\t\t\t<section class=\"elementor-section elementor-inner-section elementor-element elementor-element-2cbca34 elementor-section-boxed elementor-section-height-default elementor-section-height-default wpr-particle-no wpr-jarallax-no wpr-parallax-no wpr-sticky-section-no wpr-equal-height-no\" data-id=\"2cbca34\" data-element_type=\"section\" data-e-type=\"section\" data-settings=\"{&quot;background_background&quot;:&quot;classic&quot;}\">\n\t\t\t\t\t\t<div class=\"elementor-container elementor-column-gap-default\">\n\t\t\t\t\t<div class=\"elementor-column elementor-col-100 elementor-inner-column elementor-element elementor-element-1e95b751\" data-id=\"1e95b751\" data-element_type=\"column\" data-e-type=\"column\">\n\t\t\t<div class=\"elementor-widget-wrap\">\n\t\t\t\t\t\t\t<\/div>\n\t\t<\/div>\n\t\t\t\t\t<\/div>\n\t\t<\/section>\n\t\t\t\t\t<\/div>\n\t\t<\/div>\n\t\t\t\t\t<\/div>\n\t\t<\/section>\n\t\t\t\t<section class=\"elementor-section elementor-top-section elementor-element elementor-element-54fd89e9 elementor-section-boxed elementor-section-height-default elementor-section-height-default wpr-particle-no wpr-jarallax-no wpr-parallax-no wpr-sticky-section-no wpr-equal-height-no\" data-id=\"54fd89e9\" data-element_type=\"section\" data-e-type=\"section\">\n\t\t\t\t\t\t<div class=\"elementor-container elementor-column-gap-default\">\n\t\t\t\t\t<div class=\"elementor-column elementor-col-100 elementor-top-column elementor-element elementor-element-31a8b999\" data-id=\"31a8b999\" data-element_type=\"column\" data-e-type=\"column\">\n\t\t\t<div class=\"elementor-widget-wrap elementor-element-populated\">\n\t\t\t\t\t\t<div class=\"elementor-element elementor-element-458f1303 elementor-widget elementor-widget-heading\" data-id=\"458f1303\" data-element_type=\"widget\" data-e-type=\"widget\" data-widget_type=\"heading.default\">\n\t\t\t\t<div class=\"elementor-widget-container\">\n\t\t\t\t\t<h1 class=\"elementor-heading-title elementor-size-default\">A propos de nous<\/h1>\t\t\t\t<\/div>\n\t\t\t\t<\/div>\n\t\t\t\t<div class=\"elementor-element elementor-element-4b5b2156 elementor-widget elementor-widget-heading\" data-id=\"4b5b2156\" data-element_type=\"widget\" data-e-type=\"widget\" data-widget_type=\"heading.default\">\n\t\t\t\t<div class=\"elementor-widget-container\">\n\t\t\t\t\t<h2 class=\"elementor-heading-title elementor-size-default\">Bienvenue chez Tmdtour, une agence de voyages \u00e0 service complet d\u00e9di\u00e9e \u00e0 offrir \u00e0 nos clients des exp\u00e9riences de voyage exceptionnelles. Notre \u00e9quipe d'agents exp\u00e9riment\u00e9s est l\u00e0 pour vous aider \u00e0 planifier et r\u00e9server les vacances de vos r\u00eaves, que vous recherchiez une escapade romantique, des vacances en famille ou une aventure en solo.\n\nNous sommes fiers d\u2019offrir les meilleurs prix et la couverture d\u2019assurance voyage la plus compl\u00e8te du secteur. Nous entretenons \u00e9galement des relations solides avec les compagnies a\u00e9riennes, les h\u00f4tels et les voyagistes, ce qui nous permet de proposer des offres et des r\u00e9ductions exclusives \u00e0 nos clients.\n\nEn plus de planifier des vacances traditionnelles, nous sommes \u00e9galement sp\u00e9cialis\u00e9s dans les itin\u00e9raires personnalis\u00e9s et les voyages d'aventure. Peu importe o\u00f9 vous voulez aller ou ce que vous voulez faire, nous pouvons vous aider \u00e0 planifier un voyage adapt\u00e9 \u00e0 vos int\u00e9r\u00eats et \u00e0 votre budget.\n\nMerci d'avoir choisi Tmdtour pour tous vos besoins de voyage. Nous sommes impatients de vous aider \u00e0 cr\u00e9er des souvenirs qui dureront toute une vie.<\/h2>\t\t\t\t<\/div>\n\t\t\t\t<\/div>\n\t\t\t\t\t<\/div>\n\t\t<\/div>\n\t\t\t\t\t<\/div>\n\t\t<\/section>\n\t\t\t\t<section class=\"elementor-section elementor-top-section elementor-element elementor-element-ab6bb6e elementor-section-boxed elementor-section-height-default elementor-section-height-default wpr-particle-no wpr-jarallax-no wpr-parallax-no wpr-sticky-section-no wpr-equal-height-no\" data-id=\"ab6bb6e\" data-element_type=\"section\" data-e-type=\"section\">\n\t\t\t\t\t\t<div class=\"elementor-container elementor-column-gap-default\">\n\t\t\t\t\t<div class=\"elementor-column elementor-col-50 elementor-top-column elementor-element elementor-element-2a1c1120\" data-id=\"2a1c1120\" data-element_type=\"column\" data-e-type=\"column\">\n\t\t\t<div class=\"elementor-widget-wrap elementor-element-populated\">\n\t\t\t\t\t\t<div class=\"elementor-element elementor-element-40486a97 elementor-widget elementor-widget-heading\" data-id=\"40486a97\" data-element_type=\"widget\" data-e-type=\"widget\" data-widget_type=\"heading.default\">\n\t\t\t\t<div class=\"elementor-widget-container\">\n\t\t\t\t\t<h2 class=\"elementor-heading-title elementor-size-default\">Notre mission<\/h2>\t\t\t\t<\/div>\n\t\t\t\t<\/div>\n\t\t\t\t<div class=\"elementor-element elementor-element-328848b elementor-widget elementor-widget-heading\" data-id=\"328848b\" data-element_type=\"widget\" data-e-type=\"widget\" data-widget_type=\"heading.default\">\n\t\t\t\t<div class=\"elementor-widget-container\">\n\t\t\t\t\t<h2 class=\"elementor-heading-title elementor-size-default\">At our travel agency, our mission is to provide our clients with exceptional travel experiences that exceed their expectations. We strive to be the go-to resource for all of our clients' travel needs, offering a wide range of destinations, personalized itineraries, and competitive pricing.\n\n<\/h2>\t\t\t\t<\/div>\n\t\t\t\t<\/div>\n\t\t\t\t\t<\/div>\n\t\t<\/div>\n\t\t\t\t<div class=\"elementor-column elementor-col-50 elementor-top-column elementor-element elementor-element-1647dad5\" data-id=\"1647dad5\" data-element_type=\"column\" data-e-type=\"column\">\n\t\t\t<div class=\"elementor-widget-wrap elementor-element-populated\">\n\t\t\t\t\t\t<div class=\"elementor-element elementor-element-659789eb elementor-widget elementor-widget-heading\" data-id=\"659789eb\" data-element_type=\"widget\" data-e-type=\"widget\" data-widget_type=\"heading.default\">\n\t\t\t\t<div class=\"elementor-widget-container\">\n\t\t\t\t\t<h2 class=\"elementor-heading-title elementor-size-default\">Notre vision<\/h2>\t\t\t\t<\/div>\n\t\t\t\t<\/div>\n\t\t\t\t<div class=\"elementor-element elementor-element-6cf58b81 elementor-widget elementor-widget-heading\" data-id=\"6cf58b81\" data-element_type=\"widget\" data-e-type=\"widget\" data-widget_type=\"heading.default\">\n\t\t\t\t<div class=\"elementor-widget-container\">\n\t\t\t\t\t<h2 class=\"elementor-heading-title elementor-size-default\">Dans notre agence de voyages, notre vision est d'\u00eatre le principal fournisseur de services de voyage, offrant \u00e0 nos clients une large gamme de destinations, des itin\u00e9raires personnalis\u00e9s et une valeur exceptionnelle.\n\nNous envisageons un monde o\u00f9 chacun a la possibilit\u00e9 de d\u00e9couvrir la joie et l'enrichissement du voyage, et nous nous engageons \u00e0 faire de cela une r\u00e9alit\u00e9 pour nos clients.<\/h2>\t\t\t\t<\/div>\n\t\t\t\t<\/div>\n\t\t\t\t\t<\/div>\n\t\t<\/div>\n\t\t\t\t\t<\/div>\n\t\t<\/section>\n\t\t\t\t<section class=\"elementor-section elementor-top-section elementor-element elementor-element-5c0e1e4f elementor-section-boxed elementor-section-height-default elementor-section-height-default wpr-particle-no wpr-jarallax-no wpr-parallax-no wpr-sticky-section-no wpr-equal-height-no\" data-id=\"5c0e1e4f\" data-element_type=\"section\" data-e-type=\"section\" data-settings=\"{&quot;background_background&quot;:&quot;classic&quot;}\">\n\t\t\t\t\t\t<div class=\"elementor-container elementor-column-gap-default\">\n\t\t\t\t\t<div class=\"elementor-column elementor-col-100 elementor-top-column elementor-element elementor-element-35e3ae46\" data-id=\"35e3ae46\" data-element_type=\"column\" data-e-type=\"column\">\n\t\t\t<div class=\"elementor-widget-wrap elementor-element-populated\">\n\t\t\t\t\t\t<div class=\"elementor-element elementor-element-2a79e870 elementor-widget elementor-widget-heading\" data-id=\"2a79e870\" data-element_type=\"widget\" data-e-type=\"widget\" data-widget_type=\"heading.default\">\n\t\t\t\t<div class=\"elementor-widget-container\">\n\t\t\t\t\t<h2 class=\"elementor-heading-title elementor-size-default\">Ce que disent nos clients<\/h2>\t\t\t\t<\/div>\n\t\t\t\t<\/div>\n\t\t\t\t<div class=\"elementor-element elementor-element-111e48ec elementor-widget elementor-widget-st_testimonial\" data-id=\"111e48ec\" data-element_type=\"widget\" data-e-type=\"widget\" data-settings=\"{&quot;slides_per_view&quot;:&quot;2&quot;}\" data-widget_type=\"st_testimonial.default\">\n\t\t\t\t<div class=\"elementor-widget-container\">\n\t\t\t\t\t<div class=\"st-testimonial-modern-slider\">\r\n    <div class=\"st-testimonial\" data-effect=\"creative\" data-slides-per-view=\"2\" data-pagination=\"on\" data-navigation=\"on\" data-auto-play=\"off\" data-loop=\"true\" data-delay=\"\">\r\n        <div class=\"service-testimonial-wrapper swiper-container\"><div class=\"swiper-wrapper\">\r\n                            <div class=\"swiper-slide\">\r\n                    <div class=\"item\">\r\n\r\n                        \r\n                        <p class=\"st-content st-content-lib\">\r\n                            \"Tmdtour a organis\u00e9 pour nous la lune de miel la plus incroyable. Ils ont pris soin de chaque d\u00e9tail et ont veill\u00e9 \u00e0 ce que nous fassions le voyage de notre vie. Nous avons h\u00e2te de r\u00e9server nos prochaines vacances avec eux.\"                        <\/p>\r\n                        <div class=\"author-meta author-meta-lib\">\r\n                                                                    <i class=\"review-testimonial stt-icon-star1\"><\/i>\r\n                                                                            <i class=\"review-testimonial stt-icon-star1\"><\/i>\r\n                                                                            <i class=\"review-testimonial stt-icon-star1\"><\/i>\r\n                                                                            <i class=\"review-testimonial stt-icon-star1\"><\/i>\r\n                                                                            <i class=\"review-testimonial stt-icon-star1\"><\/i>\r\n                                                                                                    <h4 class=\"name\">Patricia Vi.<\/h4>\r\n                                \r\n                                                                <p class=\"office-testimonial office-testimonial-lib\">Clients au Royaume-Uni<\/p>\r\n                                \r\n                        <\/div>\r\n                    <\/div>\r\n                <\/div>\r\n                            <div class=\"swiper-slide\">\r\n                    <div class=\"item\">\r\n\r\n                        \r\n                        <p class=\"st-content st-content-lib\">\r\n                            \"J'h\u00e9sitais \u00e0 r\u00e9server un voyage via une agence de voyages, mais Tmdtour m'a prouv\u00e9 le contraire. Ils ont trouv\u00e9 les meilleures offres et nous ont aid\u00e9s \u00e0 planifier des vacances en famille inoubliables. Je les recommande vivement.\"                        <\/p>\r\n                        <div class=\"author-meta author-meta-lib\">\r\n                                                                    <i class=\"review-testimonial stt-icon-star1\"><\/i>\r\n                                                                            <i class=\"review-testimonial stt-icon-star1\"><\/i>\r\n                                                                            <i class=\"review-testimonial stt-icon-star1\"><\/i>\r\n                                                                            <i class=\"review-testimonial stt-icon-star1\"><\/i>\r\n                                                                            <i class=\"review-testimonial stt-icon-star1\"><\/i>\r\n                                                                                                    <h4 class=\"name\">Shawn Bi.<\/h4>\r\n                                \r\n                                                                <p class=\"office-testimonial office-testimonial-lib\">Clients au Canada<\/p>\r\n                                \r\n                        <\/div>\r\n                    <\/div>\r\n                <\/div>\r\n                            <div class=\"swiper-slide\">\r\n                    <div class=\"item\">\r\n\r\n                        \r\n                        <p class=\"st-content st-content-lib\">\r\n                            \"Tmdtour m'a aid\u00e9 \u00e0 planifier un voyage solo en Europe qui d\u00e9passait mes r\u00eaves les plus fous. Ils se sont occup\u00e9s de tout et m'ont fait sentir compl\u00e8tement en s\u00e9curit\u00e9 et soutenu tout au long du voyage.\"                        <\/p>\r\n                        <div class=\"author-meta author-meta-lib\">\r\n                                                                    <i class=\"review-testimonial stt-icon-star1\"><\/i>\r\n                                                                            <i class=\"review-testimonial stt-icon-star1\"><\/i>\r\n                                                                            <i class=\"review-testimonial stt-icon-star1\"><\/i>\r\n                                                                            <i class=\"review-testimonial stt-icon-star1\"><\/i>\r\n                                                                            <i class=\"review-testimonial stt-icon-star1\"><\/i>\r\n                                                                                                    <h4 class=\"name\">Emily B.<\/h4>\r\n                                \r\n                                                                <p class=\"office-testimonial office-testimonial-lib\">Clients au Danemark<\/p>\r\n                                \r\n                        <\/div>\r\n                    <\/div>\r\n                <\/div>\r\n                            <div class=\"swiper-slide\">\r\n                    <div class=\"item\">\r\n\r\n                        \r\n                        <p class=\"st-content st-content-lib\">\r\n                            \"Tmdtour a organis\u00e9 pour nous la lune de miel la plus incroyable. Ils ont pris soin de chaque d\u00e9tail et ont veill\u00e9 \u00e0 ce que nous fassions le voyage de notre vie. Nous avons h\u00e2te de r\u00e9server nos prochaines vacances avec eux.\"                        <\/p>\r\n                        <div class=\"author-meta author-meta-lib\">\r\n                                                                    <i class=\"review-testimonial stt-icon-star1\"><\/i>\r\n                                                                            <i class=\"review-testimonial stt-icon-star1\"><\/i>\r\n                                                                            <i class=\"review-testimonial stt-icon-star1\"><\/i>\r\n                                                                            <i class=\"review-testimonial stt-icon-star1\"><\/i>\r\n                                                                            <i class=\"review-testimonial stt-icon-star1\"><\/i>\r\n                                                                                                    <h4 class=\"name\">Miguel E. <\/h4>\r\n                                \r\n                                                                <p class=\"office-testimonial office-testimonial-lib\">Clients aux \u00c9tats-Unis<\/p>\r\n                                \r\n                        <\/div>\r\n                    <\/div>\r\n                <\/div>\r\n                    <\/div>\r\n\t\t\t\t<div class=\"swiper-pagination\"><\/div>\r\n\t\t\t\t\t<div class=\"st-button-prev\"><span class=\"stt-icon stt-icon-arrow-left\"><\/span><\/div><div class=\"st-button-next\"><span class=\"stt-icon stt-icon-arrow-right\"><\/span><\/div>\r\n\t\t    <\/div>\r\n<\/div>\r\n\r\n\r\n\t\t\t\t<\/div>\n\t\t\t\t<\/div>\n\t\t\t\t\t<\/div>\n\t\t<\/div>\n\t\t\t\t\t<\/div>\n\t\t<\/section>\n\t\t\t\t<\/div>","protected":false},"excerpt":{"rendered":"<p>About us Welcome to Tmdtour, a full-service travel agency dedicated to providing our clients with exceptional travel experiences. Our team of experienced agents is here to help you plan and book your dream vacation, whether you&#8217;re looking for a romantic getaway, a family vacation, or a solo adventure. We pride ourselves on offering the best prices and the most comprehensive travel insurance coverage in the industry. We also have strong relationships with airlines, hotels, and tour operators, which allows us to offer exclusive deals and discounts to our clients. In addition to planning traditional vacations, we also specialize in custom itineraries and adventure travel. No matter where you want to go or what you want to do, we can help you plan a trip that is tailored to your interests and budget. Thank you for choosing Tmdtour for all of your travel needs. We look forward to helping you create memories that will last a lifetime. Our mission At our travel agency, our mission is to provide our clients with exceptional travel experiences that exceed their expectations. We strive to be the go-to resource for all of our clients&#8217; travel needs, offering a wide range of destinations, personalized itineraries, and competitive pricing. Our Vision At our travel agency, our vision is to be the leading provider of travel services, offering our clients a wide range of destinations, personalized itineraries, and exceptional value. We envision a world where everyone has the opportunity to experience the joy and enrichment of travel, and we are committed to making this a reality for our clients. What our clients say &quot;Tmdtour planned the most amazing honeymoon for us. They took care of every detail and made sure we had the trip of a lifetime. We can&#039;t wait to book our next vacation with them.&quot; Patricia Vi. Customers in UK &quot;I was hesitant to book a trip through a travel agency, but Tmdtour proved me wrong. They found the best deals and helped us plan an unforgettable family vacation. I highly recommend them.&quot; Shawn Bi. Customers in Canada &quot;Tmdtour helped me plan a solo trip to Europe that was beyond my wildest dreams. They took care of everything and made me feel completely safe and supported throughout the entire trip.&quot; Emily B. Customers in Denmark &quot;Tmdtour planned the most amazing honeymoon for us. They took care of every detail and made sure we had the trip of a lifetime. We can&#039;t wait to book our next vacation with them.&quot; Miguel E. Customers in U.S.A<\/p>","protected":false},"author":11,"featured_media":0,"parent":0,"menu_order":0,"comment_status":"closed","ping_status":"closed","template":"template-blank.php","meta":{"_joinchat":[],"footnotes":""},"class_list":["post-297","page","type-page","status-publish","has-post-thumbnail","hentry"],"_links":{"self":[{"href":"https:\/\/tmdtour.com\/fr\/wp-json\/wp\/v2\/pages\/297","targetHints":{"allow":["GET"]}}],"collection":[{"href":"https:\/\/tmdtour.com\/fr\/wp-json\/wp\/v2\/pages"}],"about":[{"href":"https:\/\/tmdtour.com\/fr\/wp-json\/wp\/v2\/types\/page"}],"author":[{"embeddable":true,"href":"https:\/\/tmdtour.com\/fr\/wp-json\/wp\/v2\/users\/11"}],"replies":[{"embeddable":true,"href":"https:\/\/tmdtour.com\/fr\/wp-json\/wp\/v2\/comments?post=297"}],"version-history":[{"count":0,"href":"https:\/\/tmdtour.com\/fr\/wp-json\/wp\/v2\/pages\/297\/revisions"}],"wp:attachment":[{"href":"https:\/\/tmdtour.com\/fr\/wp-json\/wp\/v2\/media?parent=297"}],"curies":[{"name":"wp","href":"https:\/\/api.w.org\/{rel}","templated":true}]}}