{"id":308,"date":"2022-06-07T01:30:51","date_gmt":"2022-06-07T01:30:51","guid":{"rendered":"https:\/\/modtour.travelerwp.com\/?page_id=308"},"modified":"2024-01-11T17:11:44","modified_gmt":"2024-01-11T17:11:44","slug":"faq","status":"publish","type":"page","link":"https:\/\/tmdtour.com\/fr\/faq\/","title":{"rendered":"FAQ"},"content":{"rendered":"<div data-elementor-type=\"wp-page\" data-elementor-id=\"308\" class=\"elementor elementor-308\" data-elementor-post-type=\"page\">\n\t\t\t\t<div class=\"elementor-element elementor-element-4e07b0df e-flex e-con-boxed wpr-particle-no wpr-jarallax-no wpr-parallax-no wpr-sticky-section-no wpr-equal-height-no e-con e-parent\" data-id=\"4e07b0df\" data-element_type=\"container\" data-e-type=\"container\">\n\t\t\t\t\t<div class=\"e-con-inner\">\n\t\t\t\t<div class=\"elementor-element elementor-element-39a7a8d3 elementor-widget elementor-widget-heading\" data-id=\"39a7a8d3\" data-element_type=\"widget\" data-e-type=\"widget\" data-widget_type=\"heading.default\">\n\t\t\t\t<div class=\"elementor-widget-container\">\n\t\t\t\t\t<h1 class=\"elementor-heading-title elementor-size-default\">Frequently asked questions<\/h1>\t\t\t\t<\/div>\n\t\t\t\t<\/div>\n\t\t\t\t\t<\/div>\n\t\t\t\t<\/div>\n\t\t\t\t<section class=\"elementor-section elementor-inner-section elementor-element elementor-element-34471327 elementor-section-boxed elementor-section-height-default elementor-section-height-default wpr-particle-no wpr-jarallax-no wpr-parallax-no wpr-sticky-section-no wpr-equal-height-no\" data-id=\"34471327\" data-element_type=\"section\" data-e-type=\"section\">\n\t\t\t\t\t\t<div class=\"elementor-container elementor-column-gap-default\">\n\t\t\t\t\t<div class=\"elementor-column elementor-col-50 elementor-inner-column elementor-element elementor-element-46e69fcb\" data-id=\"46e69fcb\" data-element_type=\"column\" data-e-type=\"column\">\n\t\t\t<div class=\"elementor-widget-wrap elementor-element-populated\">\n\t\t\t\t\t\t<div class=\"elementor-element elementor-element-46566152 elementor-widget elementor-widget-st_faq\" data-id=\"46566152\" data-element_type=\"widget\" data-e-type=\"widget\" data-widget_type=\"st_faq.default\">\n\t\t\t\t<div class=\"elementor-widget-container\">\n\t\t\t\t\t<div class=\"accordion faq style1\" id=\"accordion_how-do-i-book-a-trip\">\r\n    <div class=\"accordion-item\">\r\n        <h2 class=\"accordion-header\" id=\"heading_how-do-i-book-a-trip\">\r\n            <button class=\"accordion-button   collapsed\"\r\n                type=\"button\"\r\n                data-bs-toggle=\"collapse\"\r\n                data-bs-target=\"#st-how-do-i-book-a-trip\"\r\n                aria-expanded=\"false\"\r\n                aria-controls=\"how-do-i-book-a-trip\"\r\n            >\r\n                Comment r\u00e9server un voyage ?            <\/button>\r\n        <\/h2>\r\n        <div id=\"st-how-do-i-book-a-trip\" class=\"accordion-collapse collapse\"\r\n            aria-labelledby=\"heading_how-do-i-book-a-trip\"\r\n            data-bs-parent=\"#accordion_how-do-i-book-a-trip\"\r\n        >\r\n            <div class=\"accordion-body\">\r\n                Pour r\u00e9server un voyage avec notre agence, vous pouvez soit visiter notre site Web et r\u00e9server en ligne, soit contacter directement l'un de nos agents pour vous aider dans le processus de r\u00e9servation.            <\/div>\r\n        <\/div>\r\n    <\/div>\r\n<\/div>\r\n\t\t\t\t<\/div>\n\t\t\t\t<\/div>\n\t\t\t\t<div class=\"elementor-element elementor-element-73607a2b elementor-widget elementor-widget-st_faq\" data-id=\"73607a2b\" data-element_type=\"widget\" data-e-type=\"widget\" data-widget_type=\"st_faq.default\">\n\t\t\t\t<div class=\"elementor-widget-container\">\n\t\t\t\t\t<div class=\"accordion faq style1\" id=\"accordion_can-you-find-me-the-best-deal-on-a-flight-hotel-vacation-package\">\r\n    <div class=\"accordion-item\">\r\n        <h2 class=\"accordion-header\" id=\"heading_can-you-find-me-the-best-deal-on-a-flight-hotel-vacation-package\">\r\n            <button class=\"accordion-button   collapsed\"\r\n                type=\"button\"\r\n                data-bs-toggle=\"collapse\"\r\n                data-bs-target=\"#st-can-you-find-me-the-best-deal-on-a-flight-hotel-vacation-package\"\r\n                aria-expanded=\"false\"\r\n                aria-controls=\"can-you-find-me-the-best-deal-on-a-flight-hotel-vacation-package\"\r\n            >\r\n                Pouvez-vous me trouver la meilleure offre sur un forfait vol\/h\u00f4tel\/vacances\u00a0?            <\/button>\r\n        <\/h2>\r\n        <div id=\"st-can-you-find-me-the-best-deal-on-a-flight-hotel-vacation-package\" class=\"accordion-collapse collapse\"\r\n            aria-labelledby=\"heading_can-you-find-me-the-best-deal-on-a-flight-hotel-vacation-package\"\r\n            data-bs-parent=\"#accordion_can-you-find-me-the-best-deal-on-a-flight-hotel-vacation-package\"\r\n        >\r\n            <div class=\"accordion-body\">\r\n                Nous ferons de notre mieux pour vous trouver la meilleure offre sur votre vol, votre h\u00f4tel ou votre forfait vacances. Vous pouvez \u00e9galement vous inscrire \u00e0 notre liste de diffusion pour recevoir des notifications sur les offres sp\u00e9ciales et les promotions.            <\/div>\r\n        <\/div>\r\n    <\/div>\r\n<\/div>\r\n\t\t\t\t<\/div>\n\t\t\t\t<\/div>\n\t\t\t\t<div class=\"elementor-element elementor-element-6d4793e9 elementor-widget elementor-widget-st_faq\" data-id=\"6d4793e9\" data-element_type=\"widget\" data-e-type=\"widget\" data-widget_type=\"st_faq.default\">\n\t\t\t\t<div class=\"elementor-widget-container\">\n\t\t\t\t\t<div class=\"accordion faq style1\" id=\"accordion_how-do-i-know-if-my-trip-is-confirmed\">\r\n    <div class=\"accordion-item\">\r\n        <h2 class=\"accordion-header\" id=\"heading_how-do-i-know-if-my-trip-is-confirmed\">\r\n            <button class=\"accordion-button   collapsed\"\r\n                type=\"button\"\r\n                data-bs-toggle=\"collapse\"\r\n                data-bs-target=\"#st-how-do-i-know-if-my-trip-is-confirmed\"\r\n                aria-expanded=\"false\"\r\n                aria-controls=\"how-do-i-know-if-my-trip-is-confirmed\"\r\n            >\r\n                Comment savoir si mon voyage est confirm\u00e9 ?            <\/button>\r\n        <\/h2>\r\n        <div id=\"st-how-do-i-know-if-my-trip-is-confirmed\" class=\"accordion-collapse collapse\"\r\n            aria-labelledby=\"heading_how-do-i-know-if-my-trip-is-confirmed\"\r\n            data-bs-parent=\"#accordion_how-do-i-know-if-my-trip-is-confirmed\"\r\n        >\r\n            <div class=\"accordion-body\">\r\n                Une fois votre voyage r\u00e9serv\u00e9, vous recevrez un e-mail de confirmation avec tous les d\u00e9tails de votre itin\u00e9raire. Vous pouvez \u00e9galement v\u00e9rifier l'\u00e9tat de votre r\u00e9servation en ligne ou en contactant l'un de nos agents.            <\/div>\r\n        <\/div>\r\n    <\/div>\r\n<\/div>\r\n\t\t\t\t<\/div>\n\t\t\t\t<\/div>\n\t\t\t\t<div class=\"elementor-element elementor-element-79795e34 elementor-widget elementor-widget-st_faq\" data-id=\"79795e34\" data-element_type=\"widget\" data-e-type=\"widget\" data-widget_type=\"st_faq.default\">\n\t\t\t\t<div class=\"elementor-widget-container\">\n\t\t\t\t\t<div class=\"accordion faq style1\" id=\"accordion_can-i-make-changes-to-my-itinerary-after-it-s-been-booked\">\r\n    <div class=\"accordion-item\">\r\n        <h2 class=\"accordion-header\" id=\"heading_can-i-make-changes-to-my-itinerary-after-it-s-been-booked\">\r\n            <button class=\"accordion-button   collapsed\"\r\n                type=\"button\"\r\n                data-bs-toggle=\"collapse\"\r\n                data-bs-target=\"#st-can-i-make-changes-to-my-itinerary-after-it-s-been-booked\"\r\n                aria-expanded=\"false\"\r\n                aria-controls=\"can-i-make-changes-to-my-itinerary-after-it-s-been-booked\"\r\n            >\r\n                Puis-je modifier mon itin\u00e9raire une fois celui-ci r\u00e9serv\u00e9\u00a0?            <\/button>\r\n        <\/h2>\r\n        <div id=\"st-can-i-make-changes-to-my-itinerary-after-it-s-been-booked\" class=\"accordion-collapse collapse\"\r\n            aria-labelledby=\"heading_can-i-make-changes-to-my-itinerary-after-it-s-been-booked\"\r\n            data-bs-parent=\"#accordion_can-i-make-changes-to-my-itinerary-after-it-s-been-booked\"\r\n        >\r\n            <div class=\"accordion-body\">\r\n                Selon les termes et conditions de votre r\u00e9servation, vous pourrez peut-\u00eatre modifier votre itin\u00e9raire une fois celui-ci r\u00e9serv\u00e9. Contactez un de nos agents pour conna\u00eetre les options qui s'offrent \u00e0 vous.            <\/div>\r\n        <\/div>\r\n    <\/div>\r\n<\/div>\r\n\t\t\t\t<\/div>\n\t\t\t\t<\/div>\n\t\t\t\t<div class=\"elementor-element elementor-element-2cf7ca0 elementor-widget elementor-widget-st_faq\" data-id=\"2cf7ca0\" data-element_type=\"widget\" data-e-type=\"widget\" data-widget_type=\"st_faq.default\">\n\t\t\t\t<div class=\"elementor-widget-container\">\n\t\t\t\t\t<div class=\"accordion faq style1\" id=\"accordion_do-you-have-any-special-deals-or-promotions-currently-available\">\r\n    <div class=\"accordion-item\">\r\n        <h2 class=\"accordion-header\" id=\"heading_do-you-have-any-special-deals-or-promotions-currently-available\">\r\n            <button class=\"accordion-button   collapsed\"\r\n                type=\"button\"\r\n                data-bs-toggle=\"collapse\"\r\n                data-bs-target=\"#st-do-you-have-any-special-deals-or-promotions-currently-available\"\r\n                aria-expanded=\"false\"\r\n                aria-controls=\"do-you-have-any-special-deals-or-promotions-currently-available\"\r\n            >\r\n                Avez-vous des offres sp\u00e9ciales ou des promotions actuellement disponibles\u00a0?            <\/button>\r\n        <\/h2>\r\n        <div id=\"st-do-you-have-any-special-deals-or-promotions-currently-available\" class=\"accordion-collapse collapse\"\r\n            aria-labelledby=\"heading_do-you-have-any-special-deals-or-promotions-currently-available\"\r\n            data-bs-parent=\"#accordion_do-you-have-any-special-deals-or-promotions-currently-available\"\r\n        >\r\n            <div class=\"accordion-body\">\r\n                Nous proposons r\u00e9guli\u00e8rement des offres sp\u00e9ciales et des promotions, alors assurez-vous de consulter notre site Web ou de vous inscrire \u00e0 notre liste de diffusion pour rester inform\u00e9.\n            <\/div>\r\n        <\/div>\r\n    <\/div>\r\n<\/div>\r\n\t\t\t\t<\/div>\n\t\t\t\t<\/div>\n\t\t\t\t\t<\/div>\n\t\t<\/div>\n\t\t\t\t<div class=\"elementor-column elementor-col-50 elementor-inner-column elementor-element elementor-element-1304add7\" data-id=\"1304add7\" data-element_type=\"column\" data-e-type=\"column\">\n\t\t\t<div class=\"elementor-widget-wrap elementor-element-populated\">\n\t\t\t\t\t\t<div class=\"elementor-element elementor-element-7deaafde elementor-widget elementor-widget-st_faq\" data-id=\"7deaafde\" data-element_type=\"widget\" data-e-type=\"widget\" data-widget_type=\"st_faq.default\">\n\t\t\t\t<div class=\"elementor-widget-container\">\n\t\t\t\t\t<div class=\"accordion faq style1\" id=\"accordion_do-you-offer-travel-insurance-and-what-does-it-cover\">\r\n    <div class=\"accordion-item\">\r\n        <h2 class=\"accordion-header\" id=\"heading_do-you-offer-travel-insurance-and-what-does-it-cover\">\r\n            <button class=\"accordion-button   collapsed\"\r\n                type=\"button\"\r\n                data-bs-toggle=\"collapse\"\r\n                data-bs-target=\"#st-do-you-offer-travel-insurance-and-what-does-it-cover\"\r\n                aria-expanded=\"false\"\r\n                aria-controls=\"do-you-offer-travel-insurance-and-what-does-it-cover\"\r\n            >\r\n                Proposez-vous une assurance voyage et que couvre-t-elle ?            <\/button>\r\n        <\/h2>\r\n        <div id=\"st-do-you-offer-travel-insurance-and-what-does-it-cover\" class=\"accordion-collapse collapse\"\r\n            aria-labelledby=\"heading_do-you-offer-travel-insurance-and-what-does-it-cover\"\r\n            data-bs-parent=\"#accordion_do-you-offer-travel-insurance-and-what-does-it-cover\"\r\n        >\r\n            <div class=\"accordion-body\">\r\n                Oui, nous proposons une assurance voyage moyennant des frais suppl\u00e9mentaires. La couverture varie en fonction de la police, mais elle comprend g\u00e9n\u00e9ralement une protection contre les annulations, interruptions et retards de voyage, ainsi que contre les urgences m\u00e9dicales et autres \u00e9v\u00e9nements impr\u00e9vus.            <\/div>\r\n        <\/div>\r\n    <\/div>\r\n<\/div>\r\n\t\t\t\t<\/div>\n\t\t\t\t<\/div>\n\t\t\t\t<div class=\"elementor-element elementor-element-63682216 elementor-widget elementor-widget-st_faq\" data-id=\"63682216\" data-element_type=\"widget\" data-e-type=\"widget\" data-widget_type=\"st_faq.default\">\n\t\t\t\t<div class=\"elementor-widget-container\">\n\t\t\t\t\t<div class=\"accordion faq style1\" id=\"accordion_can-you-help-me-with-obtaining-a-visa-for-my-trip\">\r\n    <div class=\"accordion-item\">\r\n        <h2 class=\"accordion-header\" id=\"heading_can-you-help-me-with-obtaining-a-visa-for-my-trip\">\r\n            <button class=\"accordion-button   collapsed\"\r\n                type=\"button\"\r\n                data-bs-toggle=\"collapse\"\r\n                data-bs-target=\"#st-can-you-help-me-with-obtaining-a-visa-for-my-trip\"\r\n                aria-expanded=\"false\"\r\n                aria-controls=\"can-you-help-me-with-obtaining-a-visa-for-my-trip\"\r\n            >\r\n                Pouvez-vous m'aider \u00e0 obtenir un visa pour mon voyage ?            <\/button>\r\n        <\/h2>\r\n        <div id=\"st-can-you-help-me-with-obtaining-a-visa-for-my-trip\" class=\"accordion-collapse collapse\"\r\n            aria-labelledby=\"heading_can-you-help-me-with-obtaining-a-visa-for-my-trip\"\r\n            data-bs-parent=\"#accordion_can-you-help-me-with-obtaining-a-visa-for-my-trip\"\r\n        >\r\n            <div class=\"accordion-body\">\r\n                Nous pouvons vous aider \u00e0 obtenir un visa pour votre voyage si cela est requis pour votre destination. Contactez un de nos agents pour plus d'informations.            <\/div>\r\n        <\/div>\r\n    <\/div>\r\n<\/div>\r\n\t\t\t\t<\/div>\n\t\t\t\t<\/div>\n\t\t\t\t<div class=\"elementor-element elementor-element-78b588c3 elementor-widget elementor-widget-st_faq\" data-id=\"78b588c3\" data-element_type=\"widget\" data-e-type=\"widget\" data-widget_type=\"st_faq.default\">\n\t\t\t\t<div class=\"elementor-widget-container\">\n\t\t\t\t\t<div class=\"accordion faq style1\" id=\"accordion_what-forms-of-payment-do-you-accept\">\r\n    <div class=\"accordion-item\">\r\n        <h2 class=\"accordion-header\" id=\"heading_what-forms-of-payment-do-you-accept\">\r\n            <button class=\"accordion-button   collapsed\"\r\n                type=\"button\"\r\n                data-bs-toggle=\"collapse\"\r\n                data-bs-target=\"#st-what-forms-of-payment-do-you-accept\"\r\n                aria-expanded=\"false\"\r\n                aria-controls=\"what-forms-of-payment-do-you-accept\"\r\n            >\r\n                Quels modes de paiement acceptez-vous ?            <\/button>\r\n        <\/h2>\r\n        <div id=\"st-what-forms-of-payment-do-you-accept\" class=\"accordion-collapse collapse\"\r\n            aria-labelledby=\"heading_what-forms-of-payment-do-you-accept\"\r\n            data-bs-parent=\"#accordion_what-forms-of-payment-do-you-accept\"\r\n        >\r\n            <div class=\"accordion-body\">\r\n                Nous acceptons une vari\u00e9t\u00e9 de m\u00e9thodes de paiement, notamment les cartes de cr\u00e9dit, les cartes de d\u00e9bit et les virements bancaires.            <\/div>\r\n        <\/div>\r\n    <\/div>\r\n<\/div>\r\n\t\t\t\t<\/div>\n\t\t\t\t<\/div>\n\t\t\t\t<div class=\"elementor-element elementor-element-72abbd61 elementor-widget elementor-widget-st_faq\" data-id=\"72abbd61\" data-element_type=\"widget\" data-e-type=\"widget\" data-widget_type=\"st_faq.default\">\n\t\t\t\t<div class=\"elementor-widget-container\">\n\t\t\t\t\t<div class=\"accordion faq style1\" id=\"accordion_can-you-accommodate-travelers-with-disabilities\">\r\n    <div class=\"accordion-item\">\r\n        <h2 class=\"accordion-header\" id=\"heading_can-you-accommodate-travelers-with-disabilities\">\r\n            <button class=\"accordion-button   collapsed\"\r\n                type=\"button\"\r\n                data-bs-toggle=\"collapse\"\r\n                data-bs-target=\"#st-can-you-accommodate-travelers-with-disabilities\"\r\n                aria-expanded=\"false\"\r\n                aria-controls=\"can-you-accommodate-travelers-with-disabilities\"\r\n            >\r\n                Pouvez-vous accueillir des voyageurs handicap\u00e9s ?            <\/button>\r\n        <\/h2>\r\n        <div id=\"st-can-you-accommodate-travelers-with-disabilities\" class=\"accordion-collapse collapse\"\r\n            aria-labelledby=\"heading_can-you-accommodate-travelers-with-disabilities\"\r\n            data-bs-parent=\"#accordion_can-you-accommodate-travelers-with-disabilities\"\r\n        >\r\n            <div class=\"accordion-body\">\r\n                Oui, nous pouvons accueillir les voyageurs handicap\u00e9s. Veuillez nous informer de toute exigence particuli\u00e8re que vous pourriez avoir lors de la r\u00e9servation de votre voyage afin que nous puissions prendre les dispositions n\u00e9cessaires.\n            <\/div>\r\n        <\/div>\r\n    <\/div>\r\n<\/div>\r\n\t\t\t\t<\/div>\n\t\t\t\t<\/div>\n\t\t\t\t<div class=\"elementor-element elementor-element-d52f2b2 elementor-widget elementor-widget-st_faq\" data-id=\"d52f2b2\" data-element_type=\"widget\" data-e-type=\"widget\" data-widget_type=\"st_faq.default\">\n\t\t\t\t<div class=\"elementor-widget-container\">\n\t\t\t\t\t<div class=\"accordion faq style1\" id=\"accordion_can-you-recommend-any-activities-or-tours-in-my-destination\">\r\n    <div class=\"accordion-item\">\r\n        <h2 class=\"accordion-header\" id=\"heading_can-you-recommend-any-activities-or-tours-in-my-destination\">\r\n            <button class=\"accordion-button   collapsed\"\r\n                type=\"button\"\r\n                data-bs-toggle=\"collapse\"\r\n                data-bs-target=\"#st-can-you-recommend-any-activities-or-tours-in-my-destination\"\r\n                aria-expanded=\"false\"\r\n                aria-controls=\"can-you-recommend-any-activities-or-tours-in-my-destination\"\r\n            >\r\n                Pouvez-vous me recommander des activit\u00e9s ou des visites dans ma destination\u00a0?            <\/button>\r\n        <\/h2>\r\n        <div id=\"st-can-you-recommend-any-activities-or-tours-in-my-destination\" class=\"accordion-collapse collapse\"\r\n            aria-labelledby=\"heading_can-you-recommend-any-activities-or-tours-in-my-destination\"\r\n            data-bs-parent=\"#accordion_can-you-recommend-any-activities-or-tours-in-my-destination\"\r\n        >\r\n            <div class=\"accordion-body\">\r\n                Nous pouvons vous recommander une vari\u00e9t\u00e9 d'activit\u00e9s et de visites dans votre destination en fonction de vos int\u00e9r\u00eats. Contactez l'un de nos agents pour des recommandations personnalis\u00e9es.            <\/div>\r\n        <\/div>\r\n    <\/div>\r\n<\/div>\r\n\t\t\t\t<\/div>\n\t\t\t\t<\/div>\n\t\t\t\t\t<\/div>\n\t\t<\/div>\n\t\t\t\t\t<\/div>\n\t\t<\/section>\n\t\t\t\t<section class=\"elementor-section elementor-top-section elementor-element elementor-element-222e8254 elementor-section-boxed elementor-section-height-default elementor-section-height-default wpr-particle-no wpr-jarallax-no wpr-parallax-no wpr-sticky-section-no wpr-equal-height-no\" data-id=\"222e8254\" data-element_type=\"section\" data-e-type=\"section\">\n\t\t\t\t\t\t<div class=\"elementor-container elementor-column-gap-default\">\n\t\t\t\t\t<div class=\"elementor-column elementor-col-100 elementor-top-column elementor-element elementor-element-1717fc56\" data-id=\"1717fc56\" data-element_type=\"column\" data-e-type=\"column\">\n\t\t\t<div class=\"elementor-widget-wrap elementor-element-populated\">\n\t\t\t\t\t\t<section class=\"elementor-section elementor-inner-section elementor-element elementor-element-3bc2ad95 elementor-section-boxed elementor-section-height-default elementor-section-height-default wpr-particle-no wpr-jarallax-no wpr-parallax-no wpr-sticky-section-no wpr-equal-height-no\" data-id=\"3bc2ad95\" data-element_type=\"section\" data-e-type=\"section\">\n\t\t\t\t\t\t<div class=\"elementor-container elementor-column-gap-default\">\n\t\t\t\t\t<div class=\"elementor-column elementor-col-50 elementor-inner-column elementor-element elementor-element-18e655da\" data-id=\"18e655da\" data-element_type=\"column\" data-e-type=\"column\">\n\t\t\t<div class=\"elementor-widget-wrap elementor-element-populated\">\n\t\t\t\t\t\t<div class=\"elementor-element elementor-element-168c8f11 elementor-widget elementor-widget-image\" data-id=\"168c8f11\" data-element_type=\"widget\" data-e-type=\"widget\" data-widget_type=\"image.default\">\n\t\t\t\t<div class=\"elementor-widget-container\">\n\t\t\t\t\t\t\t\t\t\t\t\t\t\t\t<img fetchpriority=\"high\" decoding=\"async\" width=\"1280\" height=\"852\" src=\"https:\/\/tmdtour.com\/wp-content\/uploads\/2022\/11\/Turkey-1-1.jpg\" class=\"attachment-full size-full wp-image-10284\" alt=\"\" srcset=\"https:\/\/tmdtour.com\/wp-content\/uploads\/2022\/11\/Turkey-1-1.jpg 1280w, https:\/\/tmdtour.com\/wp-content\/uploads\/2022\/11\/Turkey-1-1-768x511.jpg 768w, https:\/\/tmdtour.com\/wp-content\/uploads\/2022\/11\/Turkey-1-1-600x399.jpg 600w\" sizes=\"(max-width: 1280px) 100vw, 1280px\" \/>\t\t\t\t\t\t\t\t\t\t\t\t\t\t\t<\/div>\n\t\t\t\t<\/div>\n\t\t\t\t\t<\/div>\n\t\t<\/div>\n\t\t\t\t<div class=\"elementor-column elementor-col-50 elementor-inner-column elementor-element elementor-element-77334924\" data-id=\"77334924\" data-element_type=\"column\" data-e-type=\"column\" data-settings=\"{&quot;background_background&quot;:&quot;classic&quot;}\">\n\t\t\t<div class=\"elementor-widget-wrap elementor-element-populated\">\n\t\t\t\t\t\t<div class=\"elementor-element elementor-element-5c5f14c4 elementor-widget elementor-widget-heading\" data-id=\"5c5f14c4\" data-element_type=\"widget\" data-e-type=\"widget\" data-widget_type=\"heading.default\">\n\t\t\t\t<div class=\"elementor-widget-container\">\n\t\t\t\t\t<h2 class=\"elementor-heading-title elementor-size-default\">Obtenir des offres sp\u00e9ciales, et plus encore de Tmdtour\n<\/h2>\t\t\t\t<\/div>\n\t\t\t\t<\/div>\n\t\t\t\t<div class=\"elementor-element elementor-element-69b518fd elementor-widget elementor-widget-heading\" data-id=\"69b518fd\" data-element_type=\"widget\" data-e-type=\"widget\" data-widget_type=\"heading.default\">\n\t\t\t\t<div class=\"elementor-widget-container\">\n\t\t\t\t\t<p class=\"elementor-heading-title elementor-size-default\">Inscrivez-vous pour voir les offres secr\u00e8tes, les prix baissent d\u00e8s que vous vous inscrivez !\n\n<\/p>\t\t\t\t<\/div>\n\t\t\t\t<\/div>\n\t\t\t\t<div class=\"elementor-element elementor-element-7763d1ed elementor-widget elementor-widget-shortcode\" data-id=\"7763d1ed\" data-element_type=\"widget\" data-e-type=\"widget\" data-widget_type=\"shortcode.default\">\n\t\t\t\t<div class=\"elementor-widget-container\">\n\t\t\t\t\t\t\t<div class=\"elementor-shortcode\"><\/div>\n\t\t\t\t\t\t<\/div>\n\t\t\t\t<\/div>\n\t\t\t\t\t<\/div>\n\t\t<\/div>\n\t\t\t\t\t<\/div>\n\t\t<\/section>\n\t\t\t\t\t<\/div>\n\t\t<\/div>\n\t\t\t\t\t<\/div>\n\t\t<\/section>\n\t\t\t\t<\/div>","protected":false},"excerpt":{"rendered":"<p>Frequently asked questions How do I book a trip? To book a trip with our agency, you can either visit our website and book online or contact one of our agents directly to assist you with the booking process. Can you find me the best deal on a flight\/hotel\/vacation package? We will do our best to find you the best deal on your flight, hotel, or vacation package. You can also sign up for our email list to receive notifications about special deals and promotions. How do I know if my trip is confirmed? Once your trip is booked, you will receive a confirmation email with all of the details of your itinerary. You can also check the status of your booking online or by contacting one of our agents. Can I make changes to my itinerary after it&#039;s been booked? Depending on the terms and conditions of your booking, you may be able to make changes to your itinerary after it has been booked. Contact one of our agents to see what options are available to you. Do you have any special deals or promotions currently available? We regularly offer special deals and promotions, so be sure to check our website or sign up for our email list to stay informed. Do you offer travel insurance and what does it cover? Yes, we offer travel insurance for an additional fee. The coverage varies depending on the policy, but it generally includes protection for trip cancellations, interruptions, and delays, as well as medical emergencies and other unforeseen events. Can you help me with obtaining a visa for my trip? We can assist you with obtaining a visa for your trip if it is required for your destination. Contact one of our agents for more information. What forms of payment do you accept? We accept a variety of payment methods, including credit cards, debit cards, and bank transfers. Can you accommodate travelers with disabilities? Yes, we can accommodate travelers with disabilities. Please let us know about any special requirements you may have when booking your trip so that we can make the necessary arrangements. Can you recommend any activities or tours in my destination? We can recommend a variety of activities and tours in your destination based on your interests. Contact one of our agents for personalized recommendations. Get special offers, and more from Tmdtour Subscribe to see secret deals prices drop the moment you sign up!<\/p>","protected":false},"author":11,"featured_media":0,"parent":0,"menu_order":0,"comment_status":"closed","ping_status":"closed","template":"template-blank.php","meta":{"_joinchat":[],"footnotes":""},"class_list":["post-308","page","type-page","status-publish","has-post-thumbnail","hentry"],"_links":{"self":[{"href":"https:\/\/tmdtour.com\/fr\/wp-json\/wp\/v2\/pages\/308","targetHints":{"allow":["GET"]}}],"collection":[{"href":"https:\/\/tmdtour.com\/fr\/wp-json\/wp\/v2\/pages"}],"about":[{"href":"https:\/\/tmdtour.com\/fr\/wp-json\/wp\/v2\/types\/page"}],"author":[{"embeddable":true,"href":"https:\/\/tmdtour.com\/fr\/wp-json\/wp\/v2\/users\/11"}],"replies":[{"embeddable":true,"href":"https:\/\/tmdtour.com\/fr\/wp-json\/wp\/v2\/comments?post=308"}],"version-history":[{"count":0,"href":"https:\/\/tmdtour.com\/fr\/wp-json\/wp\/v2\/pages\/308\/revisions"}],"wp:attachment":[{"href":"https:\/\/tmdtour.com\/fr\/wp-json\/wp\/v2\/media?parent=308"}],"curies":[{"name":"wp","href":"https:\/\/api.w.org\/{rel}","templated":true}]}}